{"id":45,"date":"2015-04-21T22:26:59","date_gmt":"2015-04-21T22:26:59","guid":{"rendered":"https:\/\/mixtopia.ro\/burgerfest\/?page_id=45"},"modified":"2019-04-25T09:48:38","modified_gmt":"2019-04-25T09:48:38","slug":"burger-battle","status":"publish","type":"page","link":"https:\/\/mixtopia.ro\/burgerfest\/burger-battle\/","title":{"rendered":"Burger Battle"},"content":{"rendered":"<p>[et_pb_section fb_built=&#8221;1&#8243; fullwidth=&#8221;on&#8221; _builder_version=&#8221;3.22.3&#8243;][et_pb_fullwidth_header title=&#8221;Burger Battle&#8221; text_orientation=&#8221;center&#8221; admin_label=&#8221;Fullwidth Header&#8221; _builder_version=&#8221;3.22.4&#8243; content_font=&#8221;||||||||&#8221; content_font_size=&#8221;18px&#8221; content_letter_spacing=&#8221;1px&#8221; content_line_height=&#8221;1.6em&#8221; subhead_font=&#8221;||||||||&#8221; subhead_font_size=&#8221;23px&#8221; subhead_letter_spacing=&#8221;1px&#8221; subhead_line_height=&#8221;2.4em&#8221; background_color=&#8221;rgba(255, 255, 255, 0)&#8221; background_layout=&#8221;light&#8221; button_one_text_size__hover_enabled=&#8221;off&#8221; button_two_text_size__hover_enabled=&#8221;off&#8221; button_one_text_color__hover_enabled=&#8221;off&#8221; button_two_text_color__hover_enabled=&#8221;off&#8221; button_one_border_width__hover_enabled=&#8221;off&#8221; button_two_border_width__hover_enabled=&#8221;off&#8221; button_one_border_color__hover_enabled=&#8221;off&#8221; button_two_border_color__hover_enabled=&#8221;off&#8221; button_one_border_radius__hover_enabled=&#8221;off&#8221; button_two_border_radius__hover_enabled=&#8221;off&#8221; button_one_letter_spacing__hover_enabled=&#8221;off&#8221; button_two_letter_spacing__hover_enabled=&#8221;off&#8221; button_one_bg_color__hover_enabled=&#8221;off&#8221; button_two_bg_color__hover_enabled=&#8221;off&#8221;]<\/p>\n<p>There can be only one! De fapt, doi! Cautam cel mai bun burger pregatit de bucatarii localurilor participante, dar si cel mai bun burger gatit de amatori, oameni ca noi toti, pasionati de burgeri, dar si indemanatici in bucatarie. Competitiile se desfasoara sambata (amatori) si duminica (profesionisti), iar pentru fiecare am pregatit reguli si un juriu special.<\/p>\n<p>[\/et_pb_fullwidth_header][\/et_pb_section][et_pb_section fb_built=&#8221;1&#8243; _builder_version=&#8221;3.22.3&#8243;][et_pb_row _builder_version=&#8221;3.22.3&#8243; background_size=&#8221;initial&#8221; background_position=&#8221;top_left&#8221; background_repeat=&#8221;repeat&#8221;][et_pb_column type=&#8221;4_4&#8243; _builder_version=&#8221;3.0.47&#8243;][et_pb_cta title=&#8221;Vreau s\u0103 particip la competi\u021bia de amatori&#8221; button_url=&#8221;https:\/\/mixtopia.ro\/burgerfest\/vreau-sa-particip\/&#8221; admin_label=&#8221;Call To Action&#8221; _builder_version=&#8221;3.22.4&#8243; header_level=&#8221;h1&#8243; header_font=&#8221;||||||||&#8221; header_font_size=&#8221;55px&#8221; body_font=&#8221;||||||||&#8221; body_font_size=&#8221;18px&#8221; body_letter_spacing=&#8221;1px&#8221; body_line_height=&#8221;1.8em&#8221; background_color=&#8221;rgba(101,173,29,0.92)&#8221; background_size=&#8221;initial&#8221; background_position=&#8221;top_left&#8221; background_repeat=&#8221;repeat&#8221; border_radii=&#8221;on|11px|11px|11px|11px&#8221; custom_button=&#8221;on&#8221; button_text_size=&#8221;23px&#8221; button_font=&#8221;Oswald|||on|||||&#8221; button_use_icon=&#8221;off&#8221; button_alignment=&#8221;center&#8221; hover_enabled=&#8221;0&#8243; button_text_size__hover_enabled=&#8221;off&#8221; button_one_text_size__hover_enabled=&#8221;off&#8221; button_two_text_size__hover_enabled=&#8221;off&#8221; button_text_color__hover_enabled=&#8221;off&#8221; button_one_text_color__hover_enabled=&#8221;off&#8221; button_two_text_color__hover_enabled=&#8221;off&#8221; button_border_width__hover_enabled=&#8221;off&#8221; button_one_border_width__hover_enabled=&#8221;off&#8221; button_two_border_width__hover_enabled=&#8221;off&#8221; button_border_color__hover_enabled=&#8221;off&#8221; button_one_border_color__hover_enabled=&#8221;off&#8221; button_two_border_color__hover_enabled=&#8221;off&#8221; button_border_radius__hover_enabled=&#8221;off&#8221; button_one_border_radius__hover_enabled=&#8221;off&#8221; button_two_border_radius__hover_enabled=&#8221;off&#8221; button_letter_spacing__hover_enabled=&#8221;off&#8221; button_one_letter_spacing__hover_enabled=&#8221;off&#8221; button_two_letter_spacing__hover_enabled=&#8221;off&#8221; button_bg_color__hover_enabled=&#8221;off&#8221; button_one_bg_color__hover_enabled=&#8221;off&#8221; button_two_bg_color__hover_enabled=&#8221;off&#8221; header_font_size_last_edited=&#8221;on|desktop&#8221; header_font_size_phone=&#8221;33px&#8221;]<\/p>\n<p>Prietenii t\u0103i spun c\u0103 faci cel mai bun burger? Foarte bine, acum e timpul s\u0103 afli ce spun \u0219i al\u021bii!<\/p>\n<p>[\/et_pb_cta][\/et_pb_column][\/et_pb_row][et_pb_row _builder_version=&#8221;3.22.3&#8243; background_size=&#8221;initial&#8221; background_position=&#8221;top_left&#8221; background_repeat=&#8221;repeat&#8221;][et_pb_column type=&#8221;4_4&#8243; _builder_version=&#8221;3.0.47&#8243;][et_pb_divider color=&#8221;#b5b5b5&#8243; disabled_on=&#8221;on|on|off&#8221; admin_label=&#8221;Divider&#8221; _builder_version=&#8221;3.2&#8243;][\/et_pb_divider][\/et_pb_column][\/et_pb_row][et_pb_row custom_margin=&#8221;||&#8221; _builder_version=&#8221;3.22.4&#8243;][et_pb_column type=&#8221;4_4&#8243; _builder_version=&#8221;3.22.4&#8243;][et_pb_code admin_label=&#8221;FORMULAR&#8221; _builder_version=&#8221;3.22.4&#8243;]<script type=\"text\/javascript\" src=\"https:\/\/form.jotformeu.com\/jsform\/91142196144352\"><\/script>[\/et_pb_code][\/et_pb_column][\/et_pb_row][\/et_pb_section][et_pb_section fb_built=&#8221;1&#8243; inner_shadow=&#8221;on&#8221; disabled_on=&#8221;on|off|off&#8221; admin_label=&#8221;Footer Section&#8221; _builder_version=&#8221;3.22.4&#8243; background_color=&#8221;#397a23&#8243; background_image=&#8221;https:\/\/cdn.mixtopia.ro\/wp-content\/uploads\/sites\/2\/2019\/04\/burgerfest-footer.jpg&#8221; custom_padding=&#8221;110px||440px&#8221; top_divider_style=&#8221;clouds2&#8243; top_divider_color=&#8221;#ffffff&#8221; top_divider_height=&#8221;84px&#8221; global_module=&#8221;1647&#8243; saved_tabs=&#8221;all&#8221;][\/et_pb_section]<\/p>\n","protected":false},"excerpt":{"rendered":"<p>There can be only one! De fapt, doi! Cautam cel mai bun burger pregatit de bucatarii localurilor participante, dar si cel mai bun burger gatit de amatori, oameni ca noi toti, pasionati de burgeri, dar si indemanatici in bucatarie. Competitiile se desfasoara sambata (amatori) si duminica (profesionisti), iar pentru fiecare am pregatit reguli si un [&hellip;]<\/p>\n","protected":false},"author":1,"featured_media":0,"parent":0,"menu_order":0,"comment_status":"open","ping_status":"open","template":"","meta":{"_et_pb_use_builder":"on","_et_pb_old_content":"","_et_gb_content_width":"","footnotes":""},"class_list":["post-45","page","type-page","status-publish","hentry"],"yoast_head":"<!-- This site is optimized with the Yoast SEO plugin v27.3 - https:\/\/yoast.com\/product\/yoast-seo-wordpress\/ -->\n<title>Burger Battle - BURGERFEST 2019<\/title>\n<meta name=\"robots\" content=\"index, follow, max-snippet:-1, max-image-preview:large, max-video-preview:-1\" \/>\n<link rel=\"canonical\" href=\"https:\/\/mixtopia.ro\/burgerfest\/burger-battle\/\" \/>\n<meta property=\"og:locale\" content=\"en_US\" \/>\n<meta property=\"og:type\" content=\"article\" \/>\n<meta property=\"og:title\" content=\"Burger Battle - BURGERFEST 2019\" \/>\n<meta property=\"og:description\" content=\"There can be only one! De fapt, doi! Cautam cel mai bun burger pregatit de bucatarii localurilor participante, dar si cel mai bun burger gatit de amatori, oameni ca noi toti, pasionati de burgeri, dar si indemanatici in bucatarie. Competitiile se desfasoara sambata (amatori) si duminica (profesionisti), iar pentru fiecare am pregatit reguli si un [&hellip;]\" \/>\n<meta property=\"og:url\" content=\"https:\/\/mixtopia.ro\/burgerfest\/burger-battle\/\" \/>\n<meta property=\"og:site_name\" content=\"BURGERFEST 2019\" \/>\n<meta property=\"article:modified_time\" content=\"2019-04-25T09:48:38+00:00\" \/>\n<meta name=\"twitter:card\" content=\"summary_large_image\" \/>\n<meta name=\"twitter:label1\" content=\"Est. reading time\" \/>\n\t<meta name=\"twitter:data1\" content=\"3 minutes\" \/>\n<script type=\"application\/ld+json\" class=\"yoast-schema-graph\">{\"@context\":\"https:\\\/\\\/schema.org\",\"@graph\":[{\"@type\":\"WebPage\",\"@id\":\"https:\\\/\\\/mixtopia.ro\\\/burgerfest\\\/burger-battle\\\/\",\"url\":\"https:\\\/\\\/mixtopia.ro\\\/burgerfest\\\/burger-battle\\\/\",\"name\":\"Burger Battle - BURGERFEST 2019\",\"isPartOf\":{\"@id\":\"https:\\\/\\\/mixtopia.ro\\\/burgerfest\\\/#website\"},\"datePublished\":\"2015-04-21T22:26:59+00:00\",\"dateModified\":\"2019-04-25T09:48:38+00:00\",\"breadcrumb\":{\"@id\":\"https:\\\/\\\/mixtopia.ro\\\/burgerfest\\\/burger-battle\\\/#breadcrumb\"},\"inLanguage\":\"en-US\",\"potentialAction\":[{\"@type\":\"ReadAction\",\"target\":[\"https:\\\/\\\/mixtopia.ro\\\/burgerfest\\\/burger-battle\\\/\"]}]},{\"@type\":\"BreadcrumbList\",\"@id\":\"https:\\\/\\\/mixtopia.ro\\\/burgerfest\\\/burger-battle\\\/#breadcrumb\",\"itemListElement\":[{\"@type\":\"ListItem\",\"position\":1,\"name\":\"Home\",\"item\":\"https:\\\/\\\/mixtopia.ro\\\/burgerfest\\\/\"},{\"@type\":\"ListItem\",\"position\":2,\"name\":\"Burger Battle\"}]},{\"@type\":\"WebSite\",\"@id\":\"https:\\\/\\\/mixtopia.ro\\\/burgerfest\\\/#website\",\"url\":\"https:\\\/\\\/mixtopia.ro\\\/burgerfest\\\/\",\"name\":\"BURGERFEST 2019\",\"description\":\"Edi\u021bia a 5-a\",\"potentialAction\":[{\"@type\":\"SearchAction\",\"target\":{\"@type\":\"EntryPoint\",\"urlTemplate\":\"https:\\\/\\\/mixtopia.ro\\\/burgerfest\\\/?s={search_term_string}\"},\"query-input\":{\"@type\":\"PropertyValueSpecification\",\"valueRequired\":true,\"valueName\":\"search_term_string\"}}],\"inLanguage\":\"en-US\"}]}<\/script>\n<!-- \/ Yoast SEO plugin. -->","yoast_head_json":{"title":"Burger Battle - BURGERFEST 2019","robots":{"index":"index","follow":"follow","max-snippet":"max-snippet:-1","max-image-preview":"max-image-preview:large","max-video-preview":"max-video-preview:-1"},"canonical":"https:\/\/mixtopia.ro\/burgerfest\/burger-battle\/","og_locale":"en_US","og_type":"article","og_title":"Burger Battle - BURGERFEST 2019","og_description":"There can be only one! De fapt, doi! Cautam cel mai bun burger pregatit de bucatarii localurilor participante, dar si cel mai bun burger gatit de amatori, oameni ca noi toti, pasionati de burgeri, dar si indemanatici in bucatarie. Competitiile se desfasoara sambata (amatori) si duminica (profesionisti), iar pentru fiecare am pregatit reguli si un [&hellip;]","og_url":"https:\/\/mixtopia.ro\/burgerfest\/burger-battle\/","og_site_name":"BURGERFEST 2019","article_modified_time":"2019-04-25T09:48:38+00:00","twitter_card":"summary_large_image","twitter_misc":{"Est. reading time":"3 minutes"},"schema":{"@context":"https:\/\/schema.org","@graph":[{"@type":"WebPage","@id":"https:\/\/mixtopia.ro\/burgerfest\/burger-battle\/","url":"https:\/\/mixtopia.ro\/burgerfest\/burger-battle\/","name":"Burger Battle - BURGERFEST 2019","isPartOf":{"@id":"https:\/\/mixtopia.ro\/burgerfest\/#website"},"datePublished":"2015-04-21T22:26:59+00:00","dateModified":"2019-04-25T09:48:38+00:00","breadcrumb":{"@id":"https:\/\/mixtopia.ro\/burgerfest\/burger-battle\/#breadcrumb"},"inLanguage":"en-US","potentialAction":[{"@type":"ReadAction","target":["https:\/\/mixtopia.ro\/burgerfest\/burger-battle\/"]}]},{"@type":"BreadcrumbList","@id":"https:\/\/mixtopia.ro\/burgerfest\/burger-battle\/#breadcrumb","itemListElement":[{"@type":"ListItem","position":1,"name":"Home","item":"https:\/\/mixtopia.ro\/burgerfest\/"},{"@type":"ListItem","position":2,"name":"Burger Battle"}]},{"@type":"WebSite","@id":"https:\/\/mixtopia.ro\/burgerfest\/#website","url":"https:\/\/mixtopia.ro\/burgerfest\/","name":"BURGERFEST 2019","description":"Edi\u021bia a 5-a","potentialAction":[{"@type":"SearchAction","target":{"@type":"EntryPoint","urlTemplate":"https:\/\/mixtopia.ro\/burgerfest\/?s={search_term_string}"},"query-input":{"@type":"PropertyValueSpecification","valueRequired":true,"valueName":"search_term_string"}}],"inLanguage":"en-US"}]}},"_links":{"self":[{"href":"https:\/\/mixtopia.ro\/burgerfest\/wp-json\/wp\/v2\/pages\/45","targetHints":{"allow":["GET"]}}],"collection":[{"href":"https:\/\/mixtopia.ro\/burgerfest\/wp-json\/wp\/v2\/pages"}],"about":[{"href":"https:\/\/mixtopia.ro\/burgerfest\/wp-json\/wp\/v2\/types\/page"}],"author":[{"embeddable":true,"href":"https:\/\/mixtopia.ro\/burgerfest\/wp-json\/wp\/v2\/users\/1"}],"replies":[{"embeddable":true,"href":"https:\/\/mixtopia.ro\/burgerfest\/wp-json\/wp\/v2\/comments?post=45"}],"version-history":[{"count":116,"href":"https:\/\/mixtopia.ro\/burgerfest\/wp-json\/wp\/v2\/pages\/45\/revisions"}],"predecessor-version":[{"id":2337,"href":"https:\/\/mixtopia.ro\/burgerfest\/wp-json\/wp\/v2\/pages\/45\/revisions\/2337"}],"wp:attachment":[{"href":"https:\/\/mixtopia.ro\/burgerfest\/wp-json\/wp\/v2\/media?parent=45"}],"curies":[{"name":"wp","href":"https:\/\/api.w.org\/{rel}","templated":true}]}}